{"id":2009,"date":"2022-10-19T09:17:56","date_gmt":"2022-10-19T09:17:56","guid":{"rendered":"https:\/\/tgmsrl.com\/settori-produttivi-di-applicazione\/"},"modified":"2025-09-03T14:37:13","modified_gmt":"2025-09-03T14:37:13","slug":"anwendungssektoren","status":"publish","type":"page","link":"https:\/\/mail.tgmmeccanicadiprecisione.it\/de\/anwendungssektoren\/","title":{"rendered":"Anwendungssektoren"},"content":{"rendered":"<p>[et_pb_section fb_built=&#8220;1&#8243; _builder_version=&#8220;4.18.0&#8243; _module_preset=&#8220;default&#8220; global_colors_info=&#8220;{}&#8220; theme_builder_area=&#8220;post_content&#8220;][et_pb_row _builder_version=&#8220;4.18.0&#8243; _module_preset=&#8220;default&#8220; background_enable_image=&#8220;off&#8220; global_colors_info=&#8220;{}&#8220; theme_builder_area=&#8220;post_content&#8220;][et_pb_column type=&#8220;4_4&#8243; _builder_version=&#8220;4.18.0&#8243; _module_preset=&#8220;default&#8220; global_colors_info=&#8220;{}&#8220; theme_builder_area=&#8220;post_content&#8220;][et_pb_slider _builder_version=&#8220;4.18.0&#8243; _module_preset=&#8220;default&#8220; header_font=&#8220;Raleway|700|||||||&#8220; header_text_color=&#8220;#FFFFFF&#8220; body_font=&#8220;Raleway|300|||||||&#8220; body_text_color=&#8220;#FFFFFF&#8220; background_enable_color=&#8220;off&#8220; use_background_color_gradient=&#8220;on&#8220; background_color_gradient_stops=&#8220;rgba(0,0,0,0.5) 0%|rgba(224,43,32,0.5) 100%&#8220; background_color_gradient_overlays_image=&#8220;on&#8220; background_image=&#8220;https:\/\/tgmmeccanicadiprecisione.it\/wp-content\/uploads\/2022\/10\/Aeronautica-1-scaled.jpg&#8220; custom_button=&#8220;on&#8220; button_text_color=&#8220;#f6bf21&#8243; button_bg_color=&#8220;RGBA(255,255,255,0)&#8220; button_icon=&#8220;&#x39;||divi||400&#8243; button_icon_color=&#8220;#f7ca0f&#8220; hover_enabled=&#8220;0&#8243; global_colors_info=&#8220;{}&#8220; theme_builder_area=&#8220;post_content&#8220; sticky_enabled=&#8220;0&#8243;][et_pb_slide heading=&#8220;Luft- und Raumfahrt&#8220; button_text=&#8220;Mehr lesen&#8220; button_link=&#8220;https:\/\/www.tgmsrl.com\/de\/anwendungssektoren\/luft-und-raumfahrt\/&#8220; _builder_version=&#8220;4.18.0&#8243; _module_preset=&#8220;default&#8220; background_color=&#8220;RGBA(255,255,255,0)&#8220; background_enable_color=&#8220;on&#8220; hover_enabled=&#8220;0&#8243; global_colors_info=&#8220;{}&#8220; sticky_transition=&#8220;on&#8220; theme_builder_area=&#8220;post_content&#8220; sticky_enabled=&#8220;0&#8243;]<\/p>\n<p>Der Luftfahrtsektor erfordert spezielle Materialien und eine sehr strenge Qualit\u00e4tskontrolle.<\/p>\n<p>[\/et_pb_slide][\/et_pb_slider][et_pb_slider show_arrows=&#8220;off&#8220; show_pagination=&#8220;off&#8220; _builder_version=&#8220;4.18.0&#8243; _module_preset=&#8220;default&#8220; header_font=&#8220;Raleway|700|||||||&#8220; header_text_color=&#8220;#FFFFFF&#8220; body_font=&#8220;Raleway|300|||||||&#8220; body_text_color=&#8220;#FFFFFF&#8220; background_color=&#8220;RGBA(255,255,255,0)&#8220; use_background_color_gradient=&#8220;on&#8220; background_color_gradient_stops=&#8220;rgba(0,0,0,0.5) 0%|rgba(224,43,32,0.5) 100%&#8220; background_color_gradient_overlays_image=&#8220;on&#8220; background_image=&#8220;https:\/\/tgmmeccanicadiprecisione.it\/wp-content\/uploads\/2022\/10\/Automotive.jpg&#8220; custom_button=&#8220;on&#8220; button_text_color=&#8220;#f6bf21&#8243; button_bg_color=&#8220;RGBA(255,255,255,0)&#8220; button_icon=&#8220;&#x39;||divi||400&#8243; button_icon_color=&#8220;#f7ca0f&#8220; hover_enabled=&#8220;0&#8243; global_colors_info=&#8220;{}&#8220; theme_builder_area=&#8220;post_content&#8220; sticky_enabled=&#8220;0&#8243;][et_pb_slide heading=&#8220;Automobilindustrie&#8220; button_text=&#8220;Mehr lesen&#8220; button_link=&#8220;https:\/\/www.tgmsrl.com\/de\/anwendungssektoren\/automobilindustrie\/&#8220; _builder_version=&#8220;4.18.0&#8243; _module_preset=&#8220;default&#8220; background_color=&#8220;#E02B20&#8243; background_enable_color=&#8220;on&#8220; hover_enabled=&#8220;0&#8243; global_colors_info=&#8220;{}&#8220; sticky_transition=&#8220;on&#8220; theme_builder_area=&#8220;post_content&#8220; sticky_enabled=&#8220;0&#8243;]<\/p>\n<p>Gro\u00dfe Automobilmarken entscheiden sich f\u00fcr TGM.<\/p>\n<p>[\/et_pb_slide][\/et_pb_slider][et_pb_slider _builder_version=&#8220;4.18.0&#8243; _module_preset=&#8220;default&#8220; header_font=&#8220;Raleway|700|||||||&#8220; header_text_color=&#8220;#FFFFFF&#8220; body_font=&#8220;Raleway|300|||||||&#8220; body_text_color=&#8220;#FFFFFF&#8220; background_enable_color=&#8220;off&#8220; use_background_color_gradient=&#8220;on&#8220; background_color_gradient_stops=&#8220;rgba(0,0,0,0.5) 0%|rgba(224,43,32,0.5) 100%&#8220; background_color_gradient_overlays_image=&#8220;on&#8220; background_image=&#8220;https:\/\/tgmmeccanicadiprecisione.it\/wp-content\/uploads\/2022\/10\/Fitness-scaled.jpg&#8220; custom_button=&#8220;on&#8220; button_text_color=&#8220;#f6bf21&#8243; button_bg_color=&#8220;RGBA(255,255,255,0)&#8220; button_icon=&#8220;&#x39;||divi||400&#8243; button_icon_color=&#8220;#f7ca0f&#8220; hover_enabled=&#8220;0&#8243; global_colors_info=&#8220;{}&#8220; theme_builder_area=&#8220;post_content&#8220; sticky_enabled=&#8220;0&#8243;][et_pb_slide heading=&#8220;Fitness&#8220; button_text=&#8220;Mehr lesen&#8220; button_link=&#8220;https:\/\/www.tgmsrl.com\/de\/anwendungssektoren\/fitness\/&#8220; _builder_version=&#8220;4.18.0&#8243; _module_preset=&#8220;default&#8220; background_enable_color=&#8220;off&#8220; hover_enabled=&#8220;0&#8243; global_colors_info=&#8220;{}&#8220; sticky_transition=&#8220;on&#8220; theme_builder_area=&#8220;post_content&#8220; sticky_enabled=&#8220;0&#8243;]<\/p>\n<p>Herstellung von Pr\u00e4zisionsmechanik f\u00fcr Fitnessger\u00e4te.<\/p>\n<p>[\/et_pb_slide][\/et_pb_slider][et_pb_slider _builder_version=&#8220;4.18.0&#8243; _module_preset=&#8220;default&#8220; header_font=&#8220;Raleway|700|||||||&#8220; header_text_color=&#8220;#FFFFFF&#8220; body_font=&#8220;Raleway|300|||||||&#8220; body_text_color=&#8220;#FFFFFF&#8220; use_background_color_gradient=&#8220;on&#8220; background_color_gradient_stops=&#8220;rgba(0,0,0,0.5) 1%|rgba(224,43,32,0.5) 100%&#8220; background_color_gradient_overlays_image=&#8220;on&#8220; background_image=&#8220;https:\/\/tgmmeccanicadiprecisione.it\/wp-content\/uploads\/2022\/10\/Macchine-Agricole.jpg&#8220; custom_button=&#8220;on&#8220; button_text_color=&#8220;#f6bf21&#8243; button_icon=&#8220;&#x39;||divi||400&#8243; button_icon_color=&#8220;#f7ca0f&#8220; hover_enabled=&#8220;0&#8243; global_colors_info=&#8220;{}&#8220; theme_builder_area=&#8220;post_content&#8220; sticky_enabled=&#8220;0&#8243;][et_pb_slide heading=&#8220;Landwirtschaftliche Maschinen&#8220; button_text=&#8220;Mehr lesen&#8220; button_link=&#8220;https:\/\/www.tgmsrl.com\/de\/anwendungssektoren\/landwirtschaftliche-maschinen\/&#8220; _builder_version=&#8220;4.18.0&#8243; _module_preset=&#8220;default&#8220; background_color=&#8220;#E02B20&#8243; background_enable_color=&#8220;on&#8220; hover_enabled=&#8220;0&#8243; global_colors_info=&#8220;{}&#8220; sticky_transition=&#8220;on&#8220; theme_builder_area=&#8220;post_content&#8220; sticky_enabled=&#8220;0&#8243;]<\/p>\n<p>Konstruktion von Komponenten f\u00fcr Landmaschinen.<\/p>\n<p>[\/et_pb_slide][\/et_pb_slider][et_pb_slider _builder_version=&#8220;4.18.0&#8243; _module_preset=&#8220;default&#8220; header_font=&#8220;Raleway|700|||||||&#8220; header_text_color=&#8220;#FFFFFF&#8220; body_font=&#8220;Raleway|300|||||||&#8220; body_text_color=&#8220;#FFFFFF&#8220; use_background_color_gradient=&#8220;on&#8220; background_color_gradient_stops=&#8220;rgba(0,0,0,0.5) 0%|rgba(224,43,32,0.5) 100%&#8220; background_color_gradient_overlays_image=&#8220;on&#8220; background_image=&#8220;https:\/\/tgmmeccanicadiprecisione.it\/wp-content\/uploads\/2022\/10\/Macchine-Industriali-scaled.jpg&#8220; custom_button=&#8220;on&#8220; button_text_color=&#8220;#f6bf21&#8243; button_icon=&#8220;&#x39;||divi||400&#8243; button_icon_color=&#8220;#f7ca0f&#8220; hover_enabled=&#8220;0&#8243; global_colors_info=&#8220;{}&#8220; theme_builder_area=&#8220;post_content&#8220; sticky_enabled=&#8220;0&#8243;][et_pb_slide heading=&#8220;Industrielle Maschinen&#8220; button_text=&#8220;Mehr lesen&#8220; button_link=&#8220;https:\/\/www.tgmsrl.com\/de\/anwendungssektoren\/industrielle-maschinen\/&#8220; _builder_version=&#8220;4.18.0&#8243; _module_preset=&#8220;default&#8220; background_color=&#8220;#E02B20&#8243; background_enable_color=&#8220;on&#8220; hover_enabled=&#8220;0&#8243; global_colors_info=&#8220;{}&#8220; sticky_transition=&#8220;on&#8220; theme_builder_area=&#8220;post_content&#8220; sticky_enabled=&#8220;0&#8243;]<\/p>\n<p>TGM: ein idealer Partner f\u00fcr den Industriesektor.<\/p>\n<p>[\/et_pb_slide][\/et_pb_slider][et_pb_slider _builder_version=&#8220;4.18.0&#8243; _module_preset=&#8220;default&#8220; header_font=&#8220;Raleway|700|||||||&#8220; header_text_color=&#8220;#FFFFFF&#8220; body_font=&#8220;Raleway|300|||||||&#8220; body_text_color=&#8220;#FFFFFF&#8220; use_background_color_gradient=&#8220;on&#8220; background_color_gradient_stops=&#8220;rgba(0,0,0,0.5) 0%|rgba(224,43,32,0.5) 100%&#8220; background_color_gradient_overlays_image=&#8220;on&#8220; background_image=&#8220;https:\/\/tgmmeccanicadiprecisione.it\/wp-content\/uploads\/2022\/11\/Oleodinamica-1.jpg&#8220; custom_button=&#8220;on&#8220; button_text_color=&#8220;#f6bf21&#8243; button_icon=&#8220;&#x39;||divi||400&#8243; button_icon_color=&#8220;#f7ca0f&#8220; hover_enabled=&#8220;0&#8243; global_colors_info=&#8220;{}&#8220; theme_builder_area=&#8220;post_content&#8220; sticky_enabled=&#8220;0&#8243;][et_pb_slide heading=&#8220;Hydraulik&#8220; button_text=&#8220;Mehr lesen&#8220; button_link=&#8220;https:\/\/www.tgmsrl.com\/de\/anwendungssektoren\/hydraulik\/&#8220; _builder_version=&#8220;4.18.0&#8243; _module_preset=&#8220;default&#8220; background_color=&#8220;RGBA(255,255,255,0)&#8220; background_enable_color=&#8220;on&#8220; hover_enabled=&#8220;0&#8243; global_colors_info=&#8220;{}&#8220; sticky_transition=&#8220;on&#8220; theme_builder_area=&#8220;post_content&#8220; sticky_enabled=&#8220;0&#8243;]<\/p>\n<p>Hohe Pr\u00e4zision f\u00fcr Leistung im Bereich der Hydraulik.<\/p>\n<p>[\/et_pb_slide][\/et_pb_slider][\/et_pb_column][\/et_pb_row][\/et_pb_section]<\/p>\n","protected":false},"excerpt":{"rendered":"<p>Der Luftfahrtsektor erfordert spezielle Materialien und eine sehr strenge Qualit\u00e4tskontrolle.Gro\u00dfe Automobilmarken entscheiden sich f\u00fcr TGM.Herstellung von Pr\u00e4zisionsmechanik f\u00fcr Fitnessger\u00e4te.Konstruktion von Komponenten f\u00fcr Landmaschinen.TGM: ein idealer Partner f\u00fcr den Industriesektor.Hohe Pr\u00e4zision f\u00fcr Leistung im Bereich der Hydraulik.<\/p>\n","protected":false},"author":1,"featured_media":1678,"parent":0,"menu_order":0,"comment_status":"closed","ping_status":"closed","template":"","meta":{"_et_pb_use_builder":"on","_et_pb_old_content":"","_et_gb_content_width":"","footnotes":""},"class_list":["post-2009","page","type-page","status-publish","has-post-thumbnail","hentry"],"yoast_head":"<!-- This site is optimized with the Yoast SEO plugin v20.1 - https:\/\/yoast.com\/wordpress\/plugins\/seo\/ -->\n<title>Anwendungssektoren &mdash; TGM<\/title>\n<meta name=\"description\" content=\"TGM Es garantiert p\u00fcnktliche Lieferungen und flexible Arbeitszeiten sowie Kundenbetreuung w\u00e4hrend der Produktion.\" \/>\n<meta name=\"robots\" content=\"index, follow, max-snippet:-1, max-image-preview:large, max-video-preview:-1\" \/>\n<link rel=\"canonical\" href=\"https:\/\/mail.tgmmeccanicadiprecisione.it\/de\/anwendungssektoren\/\" \/>\n<meta property=\"og:locale\" content=\"de_DE\" \/>\n<meta property=\"og:type\" content=\"article\" \/>\n<meta property=\"og:title\" content=\"Anwendungssektoren &mdash; TGM\" \/>\n<meta property=\"og:description\" content=\"TGM Es garantiert p\u00fcnktliche Lieferungen und flexible Arbeitszeiten sowie Kundenbetreuung w\u00e4hrend der Produktion.\" \/>\n<meta property=\"og:url\" content=\"https:\/\/mail.tgmmeccanicadiprecisione.it\/de\/anwendungssektoren\/\" \/>\n<meta property=\"og:site_name\" content=\"TGM\" \/>\n<meta property=\"article:modified_time\" content=\"2025-09-03T14:37:13+00:00\" \/>\n<meta property=\"og:image\" content=\"https:\/\/mail.tgmmeccanicadiprecisione.it\/wp-content\/uploads\/2022\/10\/Banner-services-scaled-e1666789376882.jpg\" \/>\n\t<meta property=\"og:image:width\" content=\"2560\" \/>\n\t<meta property=\"og:image:height\" content=\"876\" \/>\n\t<meta property=\"og:image:type\" content=\"image\/jpeg\" \/>\n<script type=\"application\/ld+json\" class=\"yoast-schema-graph\">{\"@context\":\"https:\/\/schema.org\",\"@graph\":[{\"@type\":\"WebPage\",\"@id\":\"https:\/\/mail.tgmmeccanicadiprecisione.it\/de\/anwendungssektoren\/\",\"url\":\"https:\/\/mail.tgmmeccanicadiprecisione.it\/de\/anwendungssektoren\/\",\"name\":\"Anwendungssektoren &mdash; TGM\",\"isPartOf\":{\"@id\":\"https:\/\/www.tgmsrl.com\/#website\"},\"datePublished\":\"2022-10-19T09:17:56+00:00\",\"dateModified\":\"2025-09-03T14:37:13+00:00\",\"description\":\"TGM Es garantiert p\u00fcnktliche Lieferungen und flexible Arbeitszeiten sowie Kundenbetreuung w\u00e4hrend der Produktion.\",\"breadcrumb\":{\"@id\":\"https:\/\/mail.tgmmeccanicadiprecisione.it\/de\/anwendungssektoren\/#breadcrumb\"},\"inLanguage\":\"de\",\"potentialAction\":[{\"@type\":\"ReadAction\",\"target\":[\"https:\/\/mail.tgmmeccanicadiprecisione.it\/de\/anwendungssektoren\/\"]}]},{\"@type\":\"BreadcrumbList\",\"@id\":\"https:\/\/mail.tgmmeccanicadiprecisione.it\/de\/anwendungssektoren\/#breadcrumb\",\"itemListElement\":[{\"@type\":\"ListItem\",\"position\":1,\"name\":\"Home\",\"item\":\"https:\/\/mail.tgmmeccanicadiprecisione.it\/de\/\"},{\"@type\":\"ListItem\",\"position\":2,\"name\":\"Anwendungssektoren\"}]},{\"@type\":\"WebSite\",\"@id\":\"https:\/\/www.tgmsrl.com\/#website\",\"url\":\"https:\/\/www.tgmsrl.com\/\",\"name\":\"TGM\",\"description\":\"Lavorazioni meccaniche di precisione\",\"publisher\":{\"@id\":\"https:\/\/www.tgmsrl.com\/#organization\"},\"alternateName\":\"TGM Meccanica di precisione\",\"potentialAction\":[{\"@type\":\"SearchAction\",\"target\":{\"@type\":\"EntryPoint\",\"urlTemplate\":\"https:\/\/www.tgmsrl.com\/?s={search_term_string}\"},\"query-input\":\"required name=search_term_string\"}],\"inLanguage\":\"de\"},{\"@type\":\"Organization\",\"@id\":\"https:\/\/www.tgmsrl.com\/#organization\",\"name\":\"TGM\",\"alternateName\":\"TGM Lavorazioni meccaniche di precisione\",\"url\":\"https:\/\/www.tgmsrl.com\/\",\"logo\":{\"@type\":\"ImageObject\",\"inLanguage\":\"de\",\"@id\":\"https:\/\/www.tgmsrl.com\/#\/schema\/logo\/image\/\",\"url\":\"https:\/\/tgmsrl.com\/wp-content\/uploads\/2022\/12\/cropped-logo-icona-sito.png\",\"contentUrl\":\"https:\/\/tgmsrl.com\/wp-content\/uploads\/2022\/12\/cropped-logo-icona-sito.png\",\"width\":512,\"height\":512,\"caption\":\"TGM\"},\"image\":{\"@id\":\"https:\/\/www.tgmsrl.com\/#\/schema\/logo\/image\/\"}}]}<\/script>\n<!-- \/ Yoast SEO plugin. -->","yoast_head_json":{"title":"Anwendungssektoren &mdash; TGM","description":"TGM Es garantiert p\u00fcnktliche Lieferungen und flexible Arbeitszeiten sowie Kundenbetreuung w\u00e4hrend der Produktion.","robots":{"index":"index","follow":"follow","max-snippet":"max-snippet:-1","max-image-preview":"max-image-preview:large","max-video-preview":"max-video-preview:-1"},"canonical":"https:\/\/mail.tgmmeccanicadiprecisione.it\/de\/anwendungssektoren\/","og_locale":"de_DE","og_type":"article","og_title":"Anwendungssektoren &mdash; TGM","og_description":"TGM Es garantiert p\u00fcnktliche Lieferungen und flexible Arbeitszeiten sowie Kundenbetreuung w\u00e4hrend der Produktion.","og_url":"https:\/\/mail.tgmmeccanicadiprecisione.it\/de\/anwendungssektoren\/","og_site_name":"TGM","article_modified_time":"2025-09-03T14:37:13+00:00","og_image":[{"width":2560,"height":876,"url":"https:\/\/mail.tgmmeccanicadiprecisione.it\/wp-content\/uploads\/2022\/10\/Banner-services-scaled-e1666789376882.jpg","type":"image\/jpeg"}],"schema":{"@context":"https:\/\/schema.org","@graph":[{"@type":"WebPage","@id":"https:\/\/mail.tgmmeccanicadiprecisione.it\/de\/anwendungssektoren\/","url":"https:\/\/mail.tgmmeccanicadiprecisione.it\/de\/anwendungssektoren\/","name":"Anwendungssektoren &mdash; TGM","isPartOf":{"@id":"https:\/\/www.tgmsrl.com\/#website"},"datePublished":"2022-10-19T09:17:56+00:00","dateModified":"2025-09-03T14:37:13+00:00","description":"TGM Es garantiert p\u00fcnktliche Lieferungen und flexible Arbeitszeiten sowie Kundenbetreuung w\u00e4hrend der Produktion.","breadcrumb":{"@id":"https:\/\/mail.tgmmeccanicadiprecisione.it\/de\/anwendungssektoren\/#breadcrumb"},"inLanguage":"de","potentialAction":[{"@type":"ReadAction","target":["https:\/\/mail.tgmmeccanicadiprecisione.it\/de\/anwendungssektoren\/"]}]},{"@type":"BreadcrumbList","@id":"https:\/\/mail.tgmmeccanicadiprecisione.it\/de\/anwendungssektoren\/#breadcrumb","itemListElement":[{"@type":"ListItem","position":1,"name":"Home","item":"https:\/\/mail.tgmmeccanicadiprecisione.it\/de\/"},{"@type":"ListItem","position":2,"name":"Anwendungssektoren"}]},{"@type":"WebSite","@id":"https:\/\/www.tgmsrl.com\/#website","url":"https:\/\/www.tgmsrl.com\/","name":"TGM","description":"Lavorazioni meccaniche di precisione","publisher":{"@id":"https:\/\/www.tgmsrl.com\/#organization"},"alternateName":"TGM Meccanica di precisione","potentialAction":[{"@type":"SearchAction","target":{"@type":"EntryPoint","urlTemplate":"https:\/\/www.tgmsrl.com\/?s={search_term_string}"},"query-input":"required name=search_term_string"}],"inLanguage":"de"},{"@type":"Organization","@id":"https:\/\/www.tgmsrl.com\/#organization","name":"TGM","alternateName":"TGM Lavorazioni meccaniche di precisione","url":"https:\/\/www.tgmsrl.com\/","logo":{"@type":"ImageObject","inLanguage":"de","@id":"https:\/\/www.tgmsrl.com\/#\/schema\/logo\/image\/","url":"https:\/\/tgmsrl.com\/wp-content\/uploads\/2022\/12\/cropped-logo-icona-sito.png","contentUrl":"https:\/\/tgmsrl.com\/wp-content\/uploads\/2022\/12\/cropped-logo-icona-sito.png","width":512,"height":512,"caption":"TGM"},"image":{"@id":"https:\/\/www.tgmsrl.com\/#\/schema\/logo\/image\/"}}]}},"_links":{"self":[{"href":"https:\/\/mail.tgmmeccanicadiprecisione.it\/de\/wp-json\/wp\/v2\/pages\/2009","targetHints":{"allow":["GET"]}}],"collection":[{"href":"https:\/\/mail.tgmmeccanicadiprecisione.it\/de\/wp-json\/wp\/v2\/pages"}],"about":[{"href":"https:\/\/mail.tgmmeccanicadiprecisione.it\/de\/wp-json\/wp\/v2\/types\/page"}],"author":[{"embeddable":true,"href":"https:\/\/mail.tgmmeccanicadiprecisione.it\/de\/wp-json\/wp\/v2\/users\/1"}],"replies":[{"embeddable":true,"href":"https:\/\/mail.tgmmeccanicadiprecisione.it\/de\/wp-json\/wp\/v2\/comments?post=2009"}],"version-history":[{"count":10,"href":"https:\/\/mail.tgmmeccanicadiprecisione.it\/de\/wp-json\/wp\/v2\/pages\/2009\/revisions"}],"predecessor-version":[{"id":2547,"href":"https:\/\/mail.tgmmeccanicadiprecisione.it\/de\/wp-json\/wp\/v2\/pages\/2009\/revisions\/2547"}],"wp:featuredmedia":[{"embeddable":true,"href":"https:\/\/mail.tgmmeccanicadiprecisione.it\/de\/wp-json\/wp\/v2\/media\/1678"}],"wp:attachment":[{"href":"https:\/\/mail.tgmmeccanicadiprecisione.it\/de\/wp-json\/wp\/v2\/media?parent=2009"}],"curies":[{"name":"wp","href":"https:\/\/api.w.org\/{rel}","templated":true}]}}