{"id":2043,"date":"2022-10-19T09:20:48","date_gmt":"2022-10-19T09:20:48","guid":{"rendered":"https:\/\/tgmsrl.com\/settori-produttivi-di-applicazione\/automotive\/"},"modified":"2025-09-03T14:43:05","modified_gmt":"2025-09-03T14:43:05","slug":"automobilindustrie","status":"publish","type":"page","link":"https:\/\/mail.tgmmeccanicadiprecisione.it\/de\/anwendungssektoren\/automobilindustrie\/","title":{"rendered":"Automobilindustrie"},"content":{"rendered":"\n<h2 class=\"wp-block-heading\">Gro\u00dfe Automobilmarken entscheiden sich f\u00fcr TGM.<\/h2>\n\n\n\n<p>Die T\u00e4tigkeit im Automobilsektor ist eine echte Herausforderung; die Lieferung mechanischer Teile f\u00fcr Autos, Motorr\u00e4der, Lastwagen und andere Fahrzeuge erfordert Professionalit\u00e4t und Flexibilit\u00e4t in der Produktion. Pr\u00e4zision in der mechanischen Bearbeitung ist in der Automobilbranche ein absolutes Muss, aber um ein anerkannter Partner zu sein, muss man auch einen angemessenen Zeitrahmen f\u00fcr die Produktion von Gro\u00dfauftr\u00e4gen haben und die geforderte Qualit\u00e4t und Leistung garantieren k\u00f6nnen.<br>Bei der Lieferung von mechanischen Bauteilen in diesem Sektor sind weitere Elemente wichtig, wie die Verpackung, die den Transport zu den Montagelinien gew\u00e4hrleisten muss, und die absolute P\u00fcnktlichkeit des Liefertermins, der die zugewiesenen und festgelegten Tage der Fahrzeuge f\u00fcr die Abholung der Waren einhalten muss. Wir fertigen f\u00fcr jeden Kunden kundenspezifische Teile, die f\u00fcr den Betrieb des Fahrzeugs notwendig sind (wie z.B. St\u00fctzen, Gelenke, Flansche, Antriebswellen, etc\u2026..) und\/oder an deren Karosserie montiert werden. Es erf\u00fcllt TGM mit gro\u00dfem Stolz, seit 40 Jahren Auto und Motorradhersteller mit Marken zu beliefern, die als Weltklasse anerkannt sind.<\/p>\n\n\n\n<div style=\"height:50px\" aria-hidden=\"true\" class=\"wp-block-spacer\"><\/div>\n\n\n\n<figure class=\"wp-block-gallery has-nested-images columns-2 is-cropped wp-block-gallery-1 is-layout-flex wp-block-gallery-is-layout-flex\">\n<figure class=\"wp-block-image size-large\"><img loading=\"lazy\" decoding=\"async\" width=\"1024\" height=\"597\" data-id=\"662\" src=\"https:\/\/tgmmeccanicadiprecisione.it\/wp-content\/uploads\/2022\/11\/Automotive-1024x597.jpg\" alt=\"\" class=\"wp-image-662\" srcset=\"https:\/\/tgmmeccanicadiprecisione.it\/wp-content\/uploads\/2022\/11\/Automotive-1024x597.jpg 1024w, https:\/\/tgmmeccanicadiprecisione.it\/wp-content\/uploads\/2022\/11\/Automotive-980x571.jpg 980w, https:\/\/tgmmeccanicadiprecisione.it\/wp-content\/uploads\/2022\/11\/Automotive-480x280.jpg 480w\" sizes=\"auto, (min-width: 0px) and (max-width: 480px) 480px, (min-width: 481px) and (max-width: 980px) 980px, (min-width: 981px) 1024px, 100vw\" \/><\/figure>\n\n\n\n<figure class=\"wp-block-image size-large\"><img loading=\"lazy\" decoding=\"async\" width=\"939\" height=\"600\" data-id=\"661\" src=\"https:\/\/tgmmeccanicadiprecisione.it\/wp-content\/uploads\/2022\/11\/Automotive2.jpg\" alt=\"\" class=\"wp-image-661\" srcset=\"https:\/\/tgmmeccanicadiprecisione.it\/wp-content\/uploads\/2022\/11\/Automotive2.jpg 939w, https:\/\/tgmmeccanicadiprecisione.it\/wp-content\/uploads\/2022\/11\/Automotive2-480x307.jpg 480w\" sizes=\"auto, (min-width: 0px) and (max-width: 480px) 480px, (min-width: 481px) 939px, 100vw\" \/><\/figure>\n\n\n\n<figure class=\"wp-block-image size-large\"><img loading=\"lazy\" decoding=\"async\" width=\"848\" height=\"600\" data-id=\"660\" src=\"https:\/\/tgmmeccanicadiprecisione.it\/wp-content\/uploads\/2022\/11\/Automotive3.jpg\" alt=\"\" class=\"wp-image-660\" srcset=\"https:\/\/tgmmeccanicadiprecisione.it\/wp-content\/uploads\/2022\/11\/Automotive3.jpg 848w, https:\/\/tgmmeccanicadiprecisione.it\/wp-content\/uploads\/2022\/11\/Automotive3-480x340.jpg 480w\" sizes=\"auto, (min-width: 0px) and (max-width: 480px) 480px, (min-width: 481px) 848px, 100vw\" \/><\/figure>\n\n\n\n<figure class=\"wp-block-image size-large\"><img loading=\"lazy\" decoding=\"async\" width=\"949\" height=\"600\" data-id=\"659\" src=\"https:\/\/tgmmeccanicadiprecisione.it\/wp-content\/uploads\/2022\/11\/Automotive4.jpg\" alt=\"\" class=\"wp-image-659\" srcset=\"https:\/\/tgmmeccanicadiprecisione.it\/wp-content\/uploads\/2022\/11\/Automotive4.jpg 949w, https:\/\/tgmmeccanicadiprecisione.it\/wp-content\/uploads\/2022\/11\/Automotive4-480x303.jpg 480w\" sizes=\"auto, (min-width: 0px) and (max-width: 480px) 480px, (min-width: 481px) 949px, 100vw\" \/><\/figure>\n<\/figure>\n","protected":false},"excerpt":{"rendered":"<p>Gro\u00dfe Automobilmarken entscheiden sich f\u00fcr TGM. Die T\u00e4tigkeit im Automobilsektor ist eine echte Herausforderung; die Lieferung mechanischer Teile f\u00fcr Autos, Motorr\u00e4der, Lastwagen und andere Fahrzeuge erfordert Professionalit\u00e4t und Flexibilit\u00e4t in der Produktion. Pr\u00e4zision in der mechanischen Bearbeitung ist in der Automobilbranche ein absolutes Muss, aber um ein anerkannter Partner zu sein, muss man auch einen [&hellip;]<\/p>\n","protected":false},"author":1,"featured_media":1670,"parent":2009,"menu_order":0,"comment_status":"closed","ping_status":"closed","template":"","meta":{"_et_pb_use_builder":"off","_et_pb_old_content":"<!-- wp:divi\/placeholder \/-->","_et_gb_content_width":"","footnotes":""},"class_list":["post-2043","page","type-page","status-publish","has-post-thumbnail","hentry"],"yoast_head":"<!-- This site is optimized with the Yoast SEO plugin v20.1 - https:\/\/yoast.com\/wordpress\/plugins\/seo\/ -->\n<title>Lieferung mechanischer Komponenten f\u00fcr die Industrie &mdash; TGM<\/title>\n<meta name=\"description\" content=\"TGM srl produziert hochpr\u00e4zise mechanische Komponenten f\u00fcr die Automobilindustrie. Wir bieten hochwertige Verarbeitung, kundenspezifische Fertigung und p\u00fcnktliche Lieferung f\u00fcr Automobilhersteller.\" \/>\n<meta name=\"robots\" content=\"index, follow, max-snippet:-1, max-image-preview:large, max-video-preview:-1\" \/>\n<link rel=\"canonical\" href=\"https:\/\/mail.tgmmeccanicadiprecisione.it\/de\/anwendungssektoren\/automobilindustrie\/\" \/>\n<meta property=\"og:locale\" content=\"de_DE\" \/>\n<meta property=\"og:type\" content=\"article\" \/>\n<meta property=\"og:title\" content=\"Lieferung mechanischer Komponenten f\u00fcr die Industrie &mdash; TGM\" \/>\n<meta property=\"og:description\" content=\"TGM srl produziert hochpr\u00e4zise mechanische Komponenten f\u00fcr die Automobilindustrie. Wir bieten hochwertige Verarbeitung, kundenspezifische Fertigung und p\u00fcnktliche Lieferung f\u00fcr Automobilhersteller.\" \/>\n<meta property=\"og:url\" content=\"https:\/\/mail.tgmmeccanicadiprecisione.it\/de\/anwendungssektoren\/automobilindustrie\/\" \/>\n<meta property=\"og:site_name\" content=\"TGM\" \/>\n<meta property=\"article:modified_time\" content=\"2025-09-03T14:43:05+00:00\" \/>\n<meta property=\"og:image\" content=\"https:\/\/mail.tgmmeccanicadiprecisione.it\/wp-content\/uploads\/2022\/10\/Automotive.jpg\" \/>\n\t<meta property=\"og:image:width\" content=\"1901\" \/>\n\t<meta property=\"og:image:height\" content=\"439\" \/>\n\t<meta property=\"og:image:type\" content=\"image\/jpeg\" \/>\n<script type=\"application\/ld+json\" class=\"yoast-schema-graph\">{\"@context\":\"https:\/\/schema.org\",\"@graph\":[{\"@type\":\"WebPage\",\"@id\":\"https:\/\/mail.tgmmeccanicadiprecisione.it\/de\/anwendungssektoren\/automobilindustrie\/\",\"url\":\"https:\/\/mail.tgmmeccanicadiprecisione.it\/de\/anwendungssektoren\/automobilindustrie\/\",\"name\":\"Lieferung mechanischer Komponenten f\u00fcr die Industrie &mdash; TGM\",\"isPartOf\":{\"@id\":\"https:\/\/www.tgmsrl.com\/#website\"},\"datePublished\":\"2022-10-19T09:20:48+00:00\",\"dateModified\":\"2025-09-03T14:43:05+00:00\",\"description\":\"TGM srl produziert hochpr\u00e4zise mechanische Komponenten f\u00fcr die Automobilindustrie. Wir bieten hochwertige Verarbeitung, kundenspezifische Fertigung und p\u00fcnktliche Lieferung f\u00fcr Automobilhersteller.\",\"breadcrumb\":{\"@id\":\"https:\/\/mail.tgmmeccanicadiprecisione.it\/de\/anwendungssektoren\/automobilindustrie\/#breadcrumb\"},\"inLanguage\":\"de\",\"potentialAction\":[{\"@type\":\"ReadAction\",\"target\":[\"https:\/\/mail.tgmmeccanicadiprecisione.it\/de\/anwendungssektoren\/automobilindustrie\/\"]}]},{\"@type\":\"BreadcrumbList\",\"@id\":\"https:\/\/mail.tgmmeccanicadiprecisione.it\/de\/anwendungssektoren\/automobilindustrie\/#breadcrumb\",\"itemListElement\":[{\"@type\":\"ListItem\",\"position\":1,\"name\":\"Home\",\"item\":\"https:\/\/mail.tgmmeccanicadiprecisione.it\/de\/\"},{\"@type\":\"ListItem\",\"position\":2,\"name\":\"Anwendungssektoren\",\"item\":\"https:\/\/mail.tgmmeccanicadiprecisione.it\/de\/anwendungssektoren\/\"},{\"@type\":\"ListItem\",\"position\":3,\"name\":\"Automobilindustrie\"}]},{\"@type\":\"WebSite\",\"@id\":\"https:\/\/www.tgmsrl.com\/#website\",\"url\":\"https:\/\/www.tgmsrl.com\/\",\"name\":\"TGM\",\"description\":\"Lavorazioni meccaniche di precisione\",\"publisher\":{\"@id\":\"https:\/\/www.tgmsrl.com\/#organization\"},\"alternateName\":\"TGM Meccanica di precisione\",\"potentialAction\":[{\"@type\":\"SearchAction\",\"target\":{\"@type\":\"EntryPoint\",\"urlTemplate\":\"https:\/\/www.tgmsrl.com\/?s={search_term_string}\"},\"query-input\":\"required name=search_term_string\"}],\"inLanguage\":\"de\"},{\"@type\":\"Organization\",\"@id\":\"https:\/\/www.tgmsrl.com\/#organization\",\"name\":\"TGM\",\"alternateName\":\"TGM Lavorazioni meccaniche di precisione\",\"url\":\"https:\/\/www.tgmsrl.com\/\",\"logo\":{\"@type\":\"ImageObject\",\"inLanguage\":\"de\",\"@id\":\"https:\/\/www.tgmsrl.com\/#\/schema\/logo\/image\/\",\"url\":\"https:\/\/tgmsrl.com\/wp-content\/uploads\/2022\/12\/cropped-logo-icona-sito.png\",\"contentUrl\":\"https:\/\/tgmsrl.com\/wp-content\/uploads\/2022\/12\/cropped-logo-icona-sito.png\",\"width\":512,\"height\":512,\"caption\":\"TGM\"},\"image\":{\"@id\":\"https:\/\/www.tgmsrl.com\/#\/schema\/logo\/image\/\"}}]}<\/script>\n<!-- \/ Yoast SEO plugin. -->","yoast_head_json":{"title":"Lieferung mechanischer Komponenten f\u00fcr die Industrie &mdash; TGM","description":"TGM srl produziert hochpr\u00e4zise mechanische Komponenten f\u00fcr die Automobilindustrie. Wir bieten hochwertige Verarbeitung, kundenspezifische Fertigung und p\u00fcnktliche Lieferung f\u00fcr Automobilhersteller.","robots":{"index":"index","follow":"follow","max-snippet":"max-snippet:-1","max-image-preview":"max-image-preview:large","max-video-preview":"max-video-preview:-1"},"canonical":"https:\/\/mail.tgmmeccanicadiprecisione.it\/de\/anwendungssektoren\/automobilindustrie\/","og_locale":"de_DE","og_type":"article","og_title":"Lieferung mechanischer Komponenten f\u00fcr die Industrie &mdash; TGM","og_description":"TGM srl produziert hochpr\u00e4zise mechanische Komponenten f\u00fcr die Automobilindustrie. Wir bieten hochwertige Verarbeitung, kundenspezifische Fertigung und p\u00fcnktliche Lieferung f\u00fcr Automobilhersteller.","og_url":"https:\/\/mail.tgmmeccanicadiprecisione.it\/de\/anwendungssektoren\/automobilindustrie\/","og_site_name":"TGM","article_modified_time":"2025-09-03T14:43:05+00:00","og_image":[{"width":1901,"height":439,"url":"https:\/\/mail.tgmmeccanicadiprecisione.it\/wp-content\/uploads\/2022\/10\/Automotive.jpg","type":"image\/jpeg"}],"schema":{"@context":"https:\/\/schema.org","@graph":[{"@type":"WebPage","@id":"https:\/\/mail.tgmmeccanicadiprecisione.it\/de\/anwendungssektoren\/automobilindustrie\/","url":"https:\/\/mail.tgmmeccanicadiprecisione.it\/de\/anwendungssektoren\/automobilindustrie\/","name":"Lieferung mechanischer Komponenten f\u00fcr die Industrie &mdash; TGM","isPartOf":{"@id":"https:\/\/www.tgmsrl.com\/#website"},"datePublished":"2022-10-19T09:20:48+00:00","dateModified":"2025-09-03T14:43:05+00:00","description":"TGM srl produziert hochpr\u00e4zise mechanische Komponenten f\u00fcr die Automobilindustrie. Wir bieten hochwertige Verarbeitung, kundenspezifische Fertigung und p\u00fcnktliche Lieferung f\u00fcr Automobilhersteller.","breadcrumb":{"@id":"https:\/\/mail.tgmmeccanicadiprecisione.it\/de\/anwendungssektoren\/automobilindustrie\/#breadcrumb"},"inLanguage":"de","potentialAction":[{"@type":"ReadAction","target":["https:\/\/mail.tgmmeccanicadiprecisione.it\/de\/anwendungssektoren\/automobilindustrie\/"]}]},{"@type":"BreadcrumbList","@id":"https:\/\/mail.tgmmeccanicadiprecisione.it\/de\/anwendungssektoren\/automobilindustrie\/#breadcrumb","itemListElement":[{"@type":"ListItem","position":1,"name":"Home","item":"https:\/\/mail.tgmmeccanicadiprecisione.it\/de\/"},{"@type":"ListItem","position":2,"name":"Anwendungssektoren","item":"https:\/\/mail.tgmmeccanicadiprecisione.it\/de\/anwendungssektoren\/"},{"@type":"ListItem","position":3,"name":"Automobilindustrie"}]},{"@type":"WebSite","@id":"https:\/\/www.tgmsrl.com\/#website","url":"https:\/\/www.tgmsrl.com\/","name":"TGM","description":"Lavorazioni meccaniche di precisione","publisher":{"@id":"https:\/\/www.tgmsrl.com\/#organization"},"alternateName":"TGM Meccanica di precisione","potentialAction":[{"@type":"SearchAction","target":{"@type":"EntryPoint","urlTemplate":"https:\/\/www.tgmsrl.com\/?s={search_term_string}"},"query-input":"required name=search_term_string"}],"inLanguage":"de"},{"@type":"Organization","@id":"https:\/\/www.tgmsrl.com\/#organization","name":"TGM","alternateName":"TGM Lavorazioni meccaniche di precisione","url":"https:\/\/www.tgmsrl.com\/","logo":{"@type":"ImageObject","inLanguage":"de","@id":"https:\/\/www.tgmsrl.com\/#\/schema\/logo\/image\/","url":"https:\/\/tgmsrl.com\/wp-content\/uploads\/2022\/12\/cropped-logo-icona-sito.png","contentUrl":"https:\/\/tgmsrl.com\/wp-content\/uploads\/2022\/12\/cropped-logo-icona-sito.png","width":512,"height":512,"caption":"TGM"},"image":{"@id":"https:\/\/www.tgmsrl.com\/#\/schema\/logo\/image\/"}}]}},"_links":{"self":[{"href":"https:\/\/mail.tgmmeccanicadiprecisione.it\/de\/wp-json\/wp\/v2\/pages\/2043","targetHints":{"allow":["GET"]}}],"collection":[{"href":"https:\/\/mail.tgmmeccanicadiprecisione.it\/de\/wp-json\/wp\/v2\/pages"}],"about":[{"href":"https:\/\/mail.tgmmeccanicadiprecisione.it\/de\/wp-json\/wp\/v2\/types\/page"}],"author":[{"embeddable":true,"href":"https:\/\/mail.tgmmeccanicadiprecisione.it\/de\/wp-json\/wp\/v2\/users\/1"}],"replies":[{"embeddable":true,"href":"https:\/\/mail.tgmmeccanicadiprecisione.it\/de\/wp-json\/wp\/v2\/comments?post=2043"}],"version-history":[{"count":4,"href":"https:\/\/mail.tgmmeccanicadiprecisione.it\/de\/wp-json\/wp\/v2\/pages\/2043\/revisions"}],"predecessor-version":[{"id":2048,"href":"https:\/\/mail.tgmmeccanicadiprecisione.it\/de\/wp-json\/wp\/v2\/pages\/2043\/revisions\/2048"}],"up":[{"embeddable":true,"href":"https:\/\/mail.tgmmeccanicadiprecisione.it\/de\/wp-json\/wp\/v2\/pages\/2009"}],"wp:featuredmedia":[{"embeddable":true,"href":"https:\/\/mail.tgmmeccanicadiprecisione.it\/de\/wp-json\/wp\/v2\/media\/1670"}],"wp:attachment":[{"href":"https:\/\/mail.tgmmeccanicadiprecisione.it\/de\/wp-json\/wp\/v2\/media?parent=2043"}],"curies":[{"name":"wp","href":"https:\/\/api.w.org\/{rel}","templated":true}]}}