{"id":2053,"date":"2022-10-19T09:21:14","date_gmt":"2022-10-19T09:21:14","guid":{"rendered":"https:\/\/tgmsrl.com\/settori-produttivi-di-applicazione\/fitness\/"},"modified":"2025-09-03T15:03:04","modified_gmt":"2025-09-03T15:03:04","slug":"fitness","status":"publish","type":"page","link":"https:\/\/mail.tgmmeccanicadiprecisione.it\/de\/anwendungssektoren\/fitness\/","title":{"rendered":"Fitness"},"content":{"rendered":"\n<h2 class=\"wp-block-heading\">Herstellung von Pr\u00e4zisionsmechanik f\u00fcr Fitnessger\u00e4te.<\/h2>\n\n\n\n<p>In diesem Sektor arbeiten wir mit gro\u00dfen Unternehmen in der ganzen Welt zusammen und sind in der Lage, einen kompletten Service anzubieten, der von der Herstellung der Teile &#8211; mit allen mechanischen Bearbeitungen, allen erforderlichen W\u00e4rmebehandlungen und Oberfl\u00e4chenbeschichtungen oder Lackierungen &#8211; bis zur Montage der verschiedenen Teile reicht, um die vormontierten Teile direkt an die Montageabteilungen des Kunden zu liefern.<\/p>\n\n\n\n<p>Auch in diesem Bereich &#8211; in dem es definierte Zeitpl\u00e4ne und Zeitrahmen f\u00fcr die gesamte Lieferkette gibt &#8211; ist h\u00f6chste Lieferp\u00fcnktlichkeit erforderlich, um den Kunden bei seinem eigenen Produktionsmanagement zu unterst\u00fctzen.<br>H\u00e4ufig \u00fcbernimmt TGM in diesem Sektor auch den Prototyping-Service, um die zuk\u00fcnftige Industrialisierung des Projekts zu \u00fcberpr\u00fcfen. Die geforderten Garantien sind sehr anspruchsvoll in Bezug auf die Qualit\u00e4t und die verwendeten Materialien sind sehr unterschiedlich, von Metallen bis zu Kunststoffen und Harzen. Wir stellen alle Arten von Artikeln nach Entwurf her, sowohl f\u00fcr den Betrieb von Maschinen (wie Pleuelstangen, Drehzapfen, Schwungr\u00e4der usw.) als auch f\u00fcr ihre Herstellung.<\/p>\n\n\n\n<div style=\"height:50px\" aria-hidden=\"true\" class=\"wp-block-spacer\"><\/div>\n\n\n\n<figure class=\"wp-block-gallery has-nested-images columns-2 is-cropped wp-block-gallery-1 is-layout-flex wp-block-gallery-is-layout-flex\">\n<figure class=\"wp-block-image size-large\"><img loading=\"lazy\" decoding=\"async\" width=\"900\" height=\"600\" data-id=\"658\" src=\"https:\/\/tgmmeccanicadiprecisione.it\/wp-content\/uploads\/2022\/11\/Fitness.jpg\" alt=\"\" class=\"wp-image-658\" srcset=\"https:\/\/tgmmeccanicadiprecisione.it\/wp-content\/uploads\/2022\/11\/Fitness.jpg 900w, https:\/\/tgmmeccanicadiprecisione.it\/wp-content\/uploads\/2022\/11\/Fitness-480x320.jpg 480w\" sizes=\"auto, (min-width: 0px) and (max-width: 480px) 480px, (min-width: 481px) 900px, 100vw\" \/><\/figure>\n\n\n\n<figure class=\"wp-block-image size-large\"><img loading=\"lazy\" decoding=\"async\" width=\"900\" height=\"600\" data-id=\"656\" src=\"https:\/\/tgmmeccanicadiprecisione.it\/wp-content\/uploads\/2022\/11\/Fitness2.jpg\" alt=\"\" class=\"wp-image-656\" srcset=\"https:\/\/tgmmeccanicadiprecisione.it\/wp-content\/uploads\/2022\/11\/Fitness2.jpg 900w, https:\/\/tgmmeccanicadiprecisione.it\/wp-content\/uploads\/2022\/11\/Fitness2-480x320.jpg 480w\" sizes=\"auto, (min-width: 0px) and (max-width: 480px) 480px, (min-width: 481px) 900px, 100vw\" \/><\/figure>\n\n\n\n<figure class=\"wp-block-image size-large\"><img loading=\"lazy\" decoding=\"async\" width=\"900\" height=\"600\" data-id=\"657\" src=\"https:\/\/tgmmeccanicadiprecisione.it\/wp-content\/uploads\/2022\/11\/Fitness1.jpg\" alt=\"\" class=\"wp-image-657\" srcset=\"https:\/\/tgmmeccanicadiprecisione.it\/wp-content\/uploads\/2022\/11\/Fitness1.jpg 900w, https:\/\/tgmmeccanicadiprecisione.it\/wp-content\/uploads\/2022\/11\/Fitness1-480x320.jpg 480w\" sizes=\"auto, (min-width: 0px) and (max-width: 480px) 480px, (min-width: 481px) 900px, 100vw\" \/><\/figure>\n\n\n\n<figure class=\"wp-block-image size-large\"><img loading=\"lazy\" decoding=\"async\" width=\"887\" height=\"600\" data-id=\"655\" src=\"https:\/\/tgmmeccanicadiprecisione.it\/wp-content\/uploads\/2022\/11\/Fitness3.jpg\" alt=\"\" class=\"wp-image-655\" srcset=\"https:\/\/tgmmeccanicadiprecisione.it\/wp-content\/uploads\/2022\/11\/Fitness3.jpg 887w, https:\/\/tgmmeccanicadiprecisione.it\/wp-content\/uploads\/2022\/11\/Fitness3-480x325.jpg 480w\" sizes=\"auto, (min-width: 0px) and (max-width: 480px) 480px, (min-width: 481px) 887px, 100vw\" \/><\/figure>\n<\/figure>\n","protected":false},"excerpt":{"rendered":"<p>Herstellung von Pr\u00e4zisionsmechanik f\u00fcr Fitnessger\u00e4te. In diesem Sektor arbeiten wir mit gro\u00dfen Unternehmen in der ganzen Welt zusammen und sind in der Lage, einen kompletten Service anzubieten, der von der Herstellung der Teile &#8211; mit allen mechanischen Bearbeitungen, allen erforderlichen W\u00e4rmebehandlungen und Oberfl\u00e4chenbeschichtungen oder Lackierungen &#8211; bis zur Montage der verschiedenen Teile reicht, um die [&hellip;]<\/p>\n","protected":false},"author":1,"featured_media":1680,"parent":2009,"menu_order":0,"comment_status":"closed","ping_status":"closed","template":"","meta":{"_et_pb_use_builder":"off","_et_pb_old_content":"","_et_gb_content_width":"","footnotes":""},"class_list":["post-2053","page","type-page","status-publish","has-post-thumbnail","hentry"],"yoast_head":"<!-- This site is optimized with the Yoast SEO plugin v20.1 - https:\/\/yoast.com\/wordpress\/plugins\/seo\/ -->\n<title>Pr\u00e4zisionsbearbeitung f\u00fcr Fitness &mdash; TGM<\/title>\n<meta name=\"description\" content=\"F\u00fcr die Fitnessbranche bietet TGM srl Pr\u00e4zisionsbearbeitung f\u00fcr Fitnessger\u00e4te an.\" \/>\n<meta name=\"robots\" content=\"index, follow, max-snippet:-1, max-image-preview:large, max-video-preview:-1\" \/>\n<link rel=\"canonical\" href=\"https:\/\/mail.tgmmeccanicadiprecisione.it\/de\/anwendungssektoren\/fitness\/\" \/>\n<meta property=\"og:locale\" content=\"de_DE\" \/>\n<meta property=\"og:type\" content=\"article\" \/>\n<meta property=\"og:title\" content=\"Pr\u00e4zisionsbearbeitung f\u00fcr Fitness &mdash; TGM\" \/>\n<meta property=\"og:description\" content=\"F\u00fcr die Fitnessbranche bietet TGM srl Pr\u00e4zisionsbearbeitung f\u00fcr Fitnessger\u00e4te an.\" \/>\n<meta property=\"og:url\" content=\"https:\/\/mail.tgmmeccanicadiprecisione.it\/de\/anwendungssektoren\/fitness\/\" \/>\n<meta property=\"og:site_name\" content=\"TGM\" \/>\n<meta property=\"article:modified_time\" content=\"2025-09-03T15:03:04+00:00\" \/>\n<meta property=\"og:image\" content=\"https:\/\/mail.tgmmeccanicadiprecisione.it\/wp-content\/uploads\/2022\/10\/Fitness-scaled.jpg\" \/>\n\t<meta property=\"og:image:width\" content=\"2560\" \/>\n\t<meta property=\"og:image:height\" content=\"762\" \/>\n\t<meta property=\"og:image:type\" content=\"image\/jpeg\" \/>\n<script type=\"application\/ld+json\" class=\"yoast-schema-graph\">{\"@context\":\"https:\/\/schema.org\",\"@graph\":[{\"@type\":\"WebPage\",\"@id\":\"https:\/\/mail.tgmmeccanicadiprecisione.it\/de\/anwendungssektoren\/fitness\/\",\"url\":\"https:\/\/mail.tgmmeccanicadiprecisione.it\/de\/anwendungssektoren\/fitness\/\",\"name\":\"Pr\u00e4zisionsbearbeitung f\u00fcr Fitness &mdash; TGM\",\"isPartOf\":{\"@id\":\"https:\/\/www.tgmsrl.com\/#website\"},\"datePublished\":\"2022-10-19T09:21:14+00:00\",\"dateModified\":\"2025-09-03T15:03:04+00:00\",\"description\":\"F\u00fcr die Fitnessbranche bietet TGM srl Pr\u00e4zisionsbearbeitung f\u00fcr Fitnessger\u00e4te an.\",\"breadcrumb\":{\"@id\":\"https:\/\/mail.tgmmeccanicadiprecisione.it\/de\/anwendungssektoren\/fitness\/#breadcrumb\"},\"inLanguage\":\"de\",\"potentialAction\":[{\"@type\":\"ReadAction\",\"target\":[\"https:\/\/mail.tgmmeccanicadiprecisione.it\/de\/anwendungssektoren\/fitness\/\"]}]},{\"@type\":\"BreadcrumbList\",\"@id\":\"https:\/\/mail.tgmmeccanicadiprecisione.it\/de\/anwendungssektoren\/fitness\/#breadcrumb\",\"itemListElement\":[{\"@type\":\"ListItem\",\"position\":1,\"name\":\"Home\",\"item\":\"https:\/\/mail.tgmmeccanicadiprecisione.it\/de\/\"},{\"@type\":\"ListItem\",\"position\":2,\"name\":\"Anwendungssektoren\",\"item\":\"https:\/\/mail.tgmmeccanicadiprecisione.it\/de\/anwendungssektoren\/\"},{\"@type\":\"ListItem\",\"position\":3,\"name\":\"Fitness\"}]},{\"@type\":\"WebSite\",\"@id\":\"https:\/\/www.tgmsrl.com\/#website\",\"url\":\"https:\/\/www.tgmsrl.com\/\",\"name\":\"TGM\",\"description\":\"Lavorazioni meccaniche di precisione\",\"publisher\":{\"@id\":\"https:\/\/www.tgmsrl.com\/#organization\"},\"alternateName\":\"TGM Meccanica di precisione\",\"potentialAction\":[{\"@type\":\"SearchAction\",\"target\":{\"@type\":\"EntryPoint\",\"urlTemplate\":\"https:\/\/www.tgmsrl.com\/?s={search_term_string}\"},\"query-input\":\"required name=search_term_string\"}],\"inLanguage\":\"de\"},{\"@type\":\"Organization\",\"@id\":\"https:\/\/www.tgmsrl.com\/#organization\",\"name\":\"TGM\",\"alternateName\":\"TGM Lavorazioni meccaniche di precisione\",\"url\":\"https:\/\/www.tgmsrl.com\/\",\"logo\":{\"@type\":\"ImageObject\",\"inLanguage\":\"de\",\"@id\":\"https:\/\/www.tgmsrl.com\/#\/schema\/logo\/image\/\",\"url\":\"https:\/\/tgmsrl.com\/wp-content\/uploads\/2022\/12\/cropped-logo-icona-sito.png\",\"contentUrl\":\"https:\/\/tgmsrl.com\/wp-content\/uploads\/2022\/12\/cropped-logo-icona-sito.png\",\"width\":512,\"height\":512,\"caption\":\"TGM\"},\"image\":{\"@id\":\"https:\/\/www.tgmsrl.com\/#\/schema\/logo\/image\/\"}}]}<\/script>\n<!-- \/ Yoast SEO plugin. -->","yoast_head_json":{"title":"Pr\u00e4zisionsbearbeitung f\u00fcr Fitness &mdash; TGM","description":"F\u00fcr die Fitnessbranche bietet TGM srl Pr\u00e4zisionsbearbeitung f\u00fcr Fitnessger\u00e4te an.","robots":{"index":"index","follow":"follow","max-snippet":"max-snippet:-1","max-image-preview":"max-image-preview:large","max-video-preview":"max-video-preview:-1"},"canonical":"https:\/\/mail.tgmmeccanicadiprecisione.it\/de\/anwendungssektoren\/fitness\/","og_locale":"de_DE","og_type":"article","og_title":"Pr\u00e4zisionsbearbeitung f\u00fcr Fitness &mdash; TGM","og_description":"F\u00fcr die Fitnessbranche bietet TGM srl Pr\u00e4zisionsbearbeitung f\u00fcr Fitnessger\u00e4te an.","og_url":"https:\/\/mail.tgmmeccanicadiprecisione.it\/de\/anwendungssektoren\/fitness\/","og_site_name":"TGM","article_modified_time":"2025-09-03T15:03:04+00:00","og_image":[{"width":2560,"height":762,"url":"https:\/\/mail.tgmmeccanicadiprecisione.it\/wp-content\/uploads\/2022\/10\/Fitness-scaled.jpg","type":"image\/jpeg"}],"schema":{"@context":"https:\/\/schema.org","@graph":[{"@type":"WebPage","@id":"https:\/\/mail.tgmmeccanicadiprecisione.it\/de\/anwendungssektoren\/fitness\/","url":"https:\/\/mail.tgmmeccanicadiprecisione.it\/de\/anwendungssektoren\/fitness\/","name":"Pr\u00e4zisionsbearbeitung f\u00fcr Fitness &mdash; TGM","isPartOf":{"@id":"https:\/\/www.tgmsrl.com\/#website"},"datePublished":"2022-10-19T09:21:14+00:00","dateModified":"2025-09-03T15:03:04+00:00","description":"F\u00fcr die Fitnessbranche bietet TGM srl Pr\u00e4zisionsbearbeitung f\u00fcr Fitnessger\u00e4te an.","breadcrumb":{"@id":"https:\/\/mail.tgmmeccanicadiprecisione.it\/de\/anwendungssektoren\/fitness\/#breadcrumb"},"inLanguage":"de","potentialAction":[{"@type":"ReadAction","target":["https:\/\/mail.tgmmeccanicadiprecisione.it\/de\/anwendungssektoren\/fitness\/"]}]},{"@type":"BreadcrumbList","@id":"https:\/\/mail.tgmmeccanicadiprecisione.it\/de\/anwendungssektoren\/fitness\/#breadcrumb","itemListElement":[{"@type":"ListItem","position":1,"name":"Home","item":"https:\/\/mail.tgmmeccanicadiprecisione.it\/de\/"},{"@type":"ListItem","position":2,"name":"Anwendungssektoren","item":"https:\/\/mail.tgmmeccanicadiprecisione.it\/de\/anwendungssektoren\/"},{"@type":"ListItem","position":3,"name":"Fitness"}]},{"@type":"WebSite","@id":"https:\/\/www.tgmsrl.com\/#website","url":"https:\/\/www.tgmsrl.com\/","name":"TGM","description":"Lavorazioni meccaniche di precisione","publisher":{"@id":"https:\/\/www.tgmsrl.com\/#organization"},"alternateName":"TGM Meccanica di precisione","potentialAction":[{"@type":"SearchAction","target":{"@type":"EntryPoint","urlTemplate":"https:\/\/www.tgmsrl.com\/?s={search_term_string}"},"query-input":"required name=search_term_string"}],"inLanguage":"de"},{"@type":"Organization","@id":"https:\/\/www.tgmsrl.com\/#organization","name":"TGM","alternateName":"TGM Lavorazioni meccaniche di precisione","url":"https:\/\/www.tgmsrl.com\/","logo":{"@type":"ImageObject","inLanguage":"de","@id":"https:\/\/www.tgmsrl.com\/#\/schema\/logo\/image\/","url":"https:\/\/tgmsrl.com\/wp-content\/uploads\/2022\/12\/cropped-logo-icona-sito.png","contentUrl":"https:\/\/tgmsrl.com\/wp-content\/uploads\/2022\/12\/cropped-logo-icona-sito.png","width":512,"height":512,"caption":"TGM"},"image":{"@id":"https:\/\/www.tgmsrl.com\/#\/schema\/logo\/image\/"}}]}},"_links":{"self":[{"href":"https:\/\/mail.tgmmeccanicadiprecisione.it\/de\/wp-json\/wp\/v2\/pages\/2053","targetHints":{"allow":["GET"]}}],"collection":[{"href":"https:\/\/mail.tgmmeccanicadiprecisione.it\/de\/wp-json\/wp\/v2\/pages"}],"about":[{"href":"https:\/\/mail.tgmmeccanicadiprecisione.it\/de\/wp-json\/wp\/v2\/types\/page"}],"author":[{"embeddable":true,"href":"https:\/\/mail.tgmmeccanicadiprecisione.it\/de\/wp-json\/wp\/v2\/users\/1"}],"replies":[{"embeddable":true,"href":"https:\/\/mail.tgmmeccanicadiprecisione.it\/de\/wp-json\/wp\/v2\/comments?post=2053"}],"version-history":[{"count":2,"href":"https:\/\/mail.tgmmeccanicadiprecisione.it\/de\/wp-json\/wp\/v2\/pages\/2053\/revisions"}],"predecessor-version":[{"id":2056,"href":"https:\/\/mail.tgmmeccanicadiprecisione.it\/de\/wp-json\/wp\/v2\/pages\/2053\/revisions\/2056"}],"up":[{"embeddable":true,"href":"https:\/\/mail.tgmmeccanicadiprecisione.it\/de\/wp-json\/wp\/v2\/pages\/2009"}],"wp:featuredmedia":[{"embeddable":true,"href":"https:\/\/mail.tgmmeccanicadiprecisione.it\/de\/wp-json\/wp\/v2\/media\/1680"}],"wp:attachment":[{"href":"https:\/\/mail.tgmmeccanicadiprecisione.it\/de\/wp-json\/wp\/v2\/media?parent=2053"}],"curies":[{"name":"wp","href":"https:\/\/api.w.org\/{rel}","templated":true}]}}