{"id":2064,"date":"2022-10-19T09:22:48","date_gmt":"2022-10-19T09:22:48","guid":{"rendered":"https:\/\/tgmsrl.com\/settori-produttivi-di-applicazione\/macchine-agricole\/"},"modified":"2025-09-03T15:05:45","modified_gmt":"2025-09-03T15:05:45","slug":"landwirtschaftliche-maschinen","status":"publish","type":"page","link":"https:\/\/mail.tgmmeccanicadiprecisione.it\/de\/anwendungssektoren\/landwirtschaftliche-maschinen\/","title":{"rendered":"Landwirtschaftliche Maschinen"},"content":{"rendered":"\n<h2 class=\"wp-block-heading\">Konstruktion von Komponenten f\u00fcr Landmaschinen.<\/h2>\n\n\n\n<p>Im Laufe des Jahres gibt es Zeiten, in denen die Maschinen zusammengebaut werden m\u00fcssen, um rechtzeitig f\u00fcr die Verarbeitung geliefert werden zu k\u00f6nnen. TGM ist sich dieser Anforderungen bewusst und organisiert die Produktion der mechanischen Komponenten so, dass die Liefertermine perfekt eingehalten werden und die Maschinen p\u00fcnktlich montiert und ausgeliefert werden k\u00f6nnen. Die Garantien m\u00fcssen auch den Vorschriften des Agrarsektors und den Verkehrszulassungen entsprechen. Die Qualit\u00e4t und die Kontrolle der Komponenten sind von grundlegender Bedeutung, damit diese Maschinen w\u00e4hrend ihres gesamten Lebenszyklus sicher arbeiten k\u00f6nnen, denn jede Ausfallzeit schafft Probleme f\u00fcr die Endkunden und folglich einen Imageschaden f\u00fcr die Hersteller. Seit Jahren stellen wir Buchsen, Stifte, Wellen, Distanzst\u00fccke und Hunderte anderer Produkte her, die in landwirtschaftlichen Fahrzeugen verwendet werden.<\/p>\n\n\n\n<div style=\"height:50px\" aria-hidden=\"true\" class=\"wp-block-spacer\"><\/div>\n\n\n\n<figure class=\"wp-block-gallery has-nested-images columns-2 is-cropped wp-block-gallery-1 is-layout-flex wp-block-gallery-is-layout-flex\">\n<figure class=\"wp-block-image size-large\"><img loading=\"lazy\" decoding=\"async\" width=\"1007\" height=\"600\" data-id=\"640\" src=\"https:\/\/tgmmeccanicadiprecisione.it\/wp-content\/uploads\/2022\/11\/MacchineAgricole.jpg\" alt=\"\" class=\"wp-image-640\" srcset=\"https:\/\/tgmmeccanicadiprecisione.it\/wp-content\/uploads\/2022\/11\/MacchineAgricole.jpg 1007w, https:\/\/tgmmeccanicadiprecisione.it\/wp-content\/uploads\/2022\/11\/MacchineAgricole-980x584.jpg 980w, https:\/\/tgmmeccanicadiprecisione.it\/wp-content\/uploads\/2022\/11\/MacchineAgricole-480x286.jpg 480w\" sizes=\"auto, (min-width: 0px) and (max-width: 480px) 480px, (min-width: 481px) and (max-width: 980px) 980px, (min-width: 981px) 1007px, 100vw\" \/><\/figure>\n\n\n\n<figure class=\"wp-block-image size-large\"><img loading=\"lazy\" decoding=\"async\" width=\"900\" height=\"600\" data-id=\"650\" src=\"https:\/\/tgmmeccanicadiprecisione.it\/wp-content\/uploads\/2022\/11\/MacchineAgricole3.jpg\" alt=\"\" class=\"wp-image-650\" srcset=\"https:\/\/tgmmeccanicadiprecisione.it\/wp-content\/uploads\/2022\/11\/MacchineAgricole3.jpg 900w, https:\/\/tgmmeccanicadiprecisione.it\/wp-content\/uploads\/2022\/11\/MacchineAgricole3-480x320.jpg 480w\" sizes=\"auto, (min-width: 0px) and (max-width: 480px) 480px, (min-width: 481px) 900px, 100vw\" \/><\/figure>\n\n\n\n<figure class=\"wp-block-image size-large\"><img loading=\"lazy\" decoding=\"async\" width=\"824\" height=\"600\" data-id=\"651\" src=\"https:\/\/tgmmeccanicadiprecisione.it\/wp-content\/uploads\/2022\/11\/MacchineAgricole2.jpg\" alt=\"\" class=\"wp-image-651\" srcset=\"https:\/\/tgmmeccanicadiprecisione.it\/wp-content\/uploads\/2022\/11\/MacchineAgricole2.jpg 824w, https:\/\/tgmmeccanicadiprecisione.it\/wp-content\/uploads\/2022\/11\/MacchineAgricole2-480x350.jpg 480w\" sizes=\"auto, (min-width: 0px) and (max-width: 480px) 480px, (min-width: 481px) 824px, 100vw\" \/><\/figure>\n\n\n\n<figure class=\"wp-block-image size-large\"><img loading=\"lazy\" decoding=\"async\" width=\"892\" height=\"600\" data-id=\"639\" src=\"https:\/\/tgmmeccanicadiprecisione.it\/wp-content\/uploads\/2022\/11\/MacchineAgricole1.jpg\" alt=\"\" class=\"wp-image-639\" srcset=\"https:\/\/tgmmeccanicadiprecisione.it\/wp-content\/uploads\/2022\/11\/MacchineAgricole1.jpg 892w, https:\/\/tgmmeccanicadiprecisione.it\/wp-content\/uploads\/2022\/11\/MacchineAgricole1-480x323.jpg 480w\" sizes=\"auto, (min-width: 0px) and (max-width: 480px) 480px, (min-width: 481px) 892px, 100vw\" \/><\/figure>\n<\/figure>\n","protected":false},"excerpt":{"rendered":"<p>Konstruktion von Komponenten f\u00fcr Landmaschinen. Im Laufe des Jahres gibt es Zeiten, in denen die Maschinen zusammengebaut werden m\u00fcssen, um rechtzeitig f\u00fcr die Verarbeitung geliefert werden zu k\u00f6nnen. TGM ist sich dieser Anforderungen bewusst und organisiert die Produktion der mechanischen Komponenten so, dass die Liefertermine perfekt eingehalten werden und die Maschinen p\u00fcnktlich montiert und ausgeliefert [&hellip;]<\/p>\n","protected":false},"author":1,"featured_media":1672,"parent":2009,"menu_order":0,"comment_status":"closed","ping_status":"closed","template":"","meta":{"_et_pb_use_builder":"off","_et_pb_old_content":"","_et_gb_content_width":"","footnotes":""},"class_list":["post-2064","page","type-page","status-publish","has-post-thumbnail","hentry"],"yoast_head":"<!-- This site is optimized with the Yoast SEO plugin v20.1 - https:\/\/yoast.com\/wordpress\/plugins\/seo\/ -->\n<title>Komponenten f\u00fcr Landwirtschaftliche Maschinen &mdash; TGM<\/title>\n<meta name=\"description\" content=\"Bei TGM srl wird jedes Teil einer Landmaschine strengen Qualit\u00e4tskontrollen unterzogen, um maximale Haltbarkeit und Leistung auch unter h\u00e4rtesten Bedingungen zu gew\u00e4hrleisten.\" \/>\n<meta name=\"robots\" content=\"index, follow, max-snippet:-1, max-image-preview:large, max-video-preview:-1\" \/>\n<link rel=\"canonical\" href=\"https:\/\/tgmmeccanicadiprecisione.it\/de\/anwendungssektoren\/landwirtschaftliche-maschinen\/\" \/>\n<meta property=\"og:locale\" content=\"de_DE\" \/>\n<meta property=\"og:type\" content=\"article\" \/>\n<meta property=\"og:title\" content=\"Komponenten f\u00fcr Landwirtschaftliche Maschinen &mdash; TGM\" \/>\n<meta property=\"og:description\" content=\"Bei TGM srl wird jedes Teil einer Landmaschine strengen Qualit\u00e4tskontrollen unterzogen, um maximale Haltbarkeit und Leistung auch unter h\u00e4rtesten Bedingungen zu gew\u00e4hrleisten.\" \/>\n<meta property=\"og:url\" content=\"https:\/\/tgmmeccanicadiprecisione.it\/de\/anwendungssektoren\/landwirtschaftliche-maschinen\/\" \/>\n<meta property=\"og:site_name\" content=\"TGM\" \/>\n<meta property=\"article:modified_time\" content=\"2025-09-03T15:05:45+00:00\" \/>\n<meta property=\"og:image\" content=\"https:\/\/tgmmeccanicadiprecisione.it\/wp-content\/uploads\/2022\/10\/Macchine-Agricole.jpg\" \/>\n\t<meta property=\"og:image:width\" content=\"1960\" \/>\n\t<meta property=\"og:image:height\" content=\"509\" \/>\n\t<meta property=\"og:image:type\" content=\"image\/jpeg\" \/>\n<script type=\"application\/ld+json\" class=\"yoast-schema-graph\">{\"@context\":\"https:\/\/schema.org\",\"@graph\":[{\"@type\":\"WebPage\",\"@id\":\"https:\/\/tgmmeccanicadiprecisione.it\/de\/anwendungssektoren\/landwirtschaftliche-maschinen\/\",\"url\":\"https:\/\/tgmmeccanicadiprecisione.it\/de\/anwendungssektoren\/landwirtschaftliche-maschinen\/\",\"name\":\"Komponenten f\u00fcr Landwirtschaftliche Maschinen &mdash; TGM\",\"isPartOf\":{\"@id\":\"https:\/\/www.tgmsrl.com\/#website\"},\"datePublished\":\"2022-10-19T09:22:48+00:00\",\"dateModified\":\"2025-09-03T15:05:45+00:00\",\"description\":\"Bei TGM srl wird jedes Teil einer Landmaschine strengen Qualit\u00e4tskontrollen unterzogen, um maximale Haltbarkeit und Leistung auch unter h\u00e4rtesten Bedingungen zu gew\u00e4hrleisten.\",\"breadcrumb\":{\"@id\":\"https:\/\/tgmmeccanicadiprecisione.it\/de\/anwendungssektoren\/landwirtschaftliche-maschinen\/#breadcrumb\"},\"inLanguage\":\"de\",\"potentialAction\":[{\"@type\":\"ReadAction\",\"target\":[\"https:\/\/tgmmeccanicadiprecisione.it\/de\/anwendungssektoren\/landwirtschaftliche-maschinen\/\"]}]},{\"@type\":\"BreadcrumbList\",\"@id\":\"https:\/\/tgmmeccanicadiprecisione.it\/de\/anwendungssektoren\/landwirtschaftliche-maschinen\/#breadcrumb\",\"itemListElement\":[{\"@type\":\"ListItem\",\"position\":1,\"name\":\"Home\",\"item\":\"https:\/\/mail.tgmmeccanicadiprecisione.it\/de\/\"},{\"@type\":\"ListItem\",\"position\":2,\"name\":\"Anwendungssektoren\",\"item\":\"https:\/\/mail.tgmmeccanicadiprecisione.it\/de\/anwendungssektoren\/\"},{\"@type\":\"ListItem\",\"position\":3,\"name\":\"Landwirtschaftliche Maschinen\"}]},{\"@type\":\"WebSite\",\"@id\":\"https:\/\/www.tgmsrl.com\/#website\",\"url\":\"https:\/\/www.tgmsrl.com\/\",\"name\":\"TGM\",\"description\":\"Lavorazioni meccaniche di precisione\",\"publisher\":{\"@id\":\"https:\/\/www.tgmsrl.com\/#organization\"},\"alternateName\":\"TGM Meccanica di precisione\",\"potentialAction\":[{\"@type\":\"SearchAction\",\"target\":{\"@type\":\"EntryPoint\",\"urlTemplate\":\"https:\/\/www.tgmsrl.com\/?s={search_term_string}\"},\"query-input\":\"required name=search_term_string\"}],\"inLanguage\":\"de\"},{\"@type\":\"Organization\",\"@id\":\"https:\/\/www.tgmsrl.com\/#organization\",\"name\":\"TGM\",\"alternateName\":\"TGM Lavorazioni meccaniche di precisione\",\"url\":\"https:\/\/www.tgmsrl.com\/\",\"logo\":{\"@type\":\"ImageObject\",\"inLanguage\":\"de\",\"@id\":\"https:\/\/www.tgmsrl.com\/#\/schema\/logo\/image\/\",\"url\":\"https:\/\/tgmsrl.com\/wp-content\/uploads\/2022\/12\/cropped-logo-icona-sito.png\",\"contentUrl\":\"https:\/\/tgmsrl.com\/wp-content\/uploads\/2022\/12\/cropped-logo-icona-sito.png\",\"width\":512,\"height\":512,\"caption\":\"TGM\"},\"image\":{\"@id\":\"https:\/\/www.tgmsrl.com\/#\/schema\/logo\/image\/\"}}]}<\/script>\n<!-- \/ Yoast SEO plugin. -->","yoast_head_json":{"title":"Komponenten f\u00fcr Landwirtschaftliche Maschinen &mdash; TGM","description":"Bei TGM srl wird jedes Teil einer Landmaschine strengen Qualit\u00e4tskontrollen unterzogen, um maximale Haltbarkeit und Leistung auch unter h\u00e4rtesten Bedingungen zu gew\u00e4hrleisten.","robots":{"index":"index","follow":"follow","max-snippet":"max-snippet:-1","max-image-preview":"max-image-preview:large","max-video-preview":"max-video-preview:-1"},"canonical":"https:\/\/tgmmeccanicadiprecisione.it\/de\/anwendungssektoren\/landwirtschaftliche-maschinen\/","og_locale":"de_DE","og_type":"article","og_title":"Komponenten f\u00fcr Landwirtschaftliche Maschinen &mdash; TGM","og_description":"Bei TGM srl wird jedes Teil einer Landmaschine strengen Qualit\u00e4tskontrollen unterzogen, um maximale Haltbarkeit und Leistung auch unter h\u00e4rtesten Bedingungen zu gew\u00e4hrleisten.","og_url":"https:\/\/tgmmeccanicadiprecisione.it\/de\/anwendungssektoren\/landwirtschaftliche-maschinen\/","og_site_name":"TGM","article_modified_time":"2025-09-03T15:05:45+00:00","og_image":[{"width":1960,"height":509,"url":"https:\/\/tgmmeccanicadiprecisione.it\/wp-content\/uploads\/2022\/10\/Macchine-Agricole.jpg","type":"image\/jpeg"}],"schema":{"@context":"https:\/\/schema.org","@graph":[{"@type":"WebPage","@id":"https:\/\/tgmmeccanicadiprecisione.it\/de\/anwendungssektoren\/landwirtschaftliche-maschinen\/","url":"https:\/\/tgmmeccanicadiprecisione.it\/de\/anwendungssektoren\/landwirtschaftliche-maschinen\/","name":"Komponenten f\u00fcr Landwirtschaftliche Maschinen &mdash; TGM","isPartOf":{"@id":"https:\/\/www.tgmsrl.com\/#website"},"datePublished":"2022-10-19T09:22:48+00:00","dateModified":"2025-09-03T15:05:45+00:00","description":"Bei TGM srl wird jedes Teil einer Landmaschine strengen Qualit\u00e4tskontrollen unterzogen, um maximale Haltbarkeit und Leistung auch unter h\u00e4rtesten Bedingungen zu gew\u00e4hrleisten.","breadcrumb":{"@id":"https:\/\/tgmmeccanicadiprecisione.it\/de\/anwendungssektoren\/landwirtschaftliche-maschinen\/#breadcrumb"},"inLanguage":"de","potentialAction":[{"@type":"ReadAction","target":["https:\/\/tgmmeccanicadiprecisione.it\/de\/anwendungssektoren\/landwirtschaftliche-maschinen\/"]}]},{"@type":"BreadcrumbList","@id":"https:\/\/tgmmeccanicadiprecisione.it\/de\/anwendungssektoren\/landwirtschaftliche-maschinen\/#breadcrumb","itemListElement":[{"@type":"ListItem","position":1,"name":"Home","item":"https:\/\/mail.tgmmeccanicadiprecisione.it\/de\/"},{"@type":"ListItem","position":2,"name":"Anwendungssektoren","item":"https:\/\/mail.tgmmeccanicadiprecisione.it\/de\/anwendungssektoren\/"},{"@type":"ListItem","position":3,"name":"Landwirtschaftliche Maschinen"}]},{"@type":"WebSite","@id":"https:\/\/www.tgmsrl.com\/#website","url":"https:\/\/www.tgmsrl.com\/","name":"TGM","description":"Lavorazioni meccaniche di precisione","publisher":{"@id":"https:\/\/www.tgmsrl.com\/#organization"},"alternateName":"TGM Meccanica di precisione","potentialAction":[{"@type":"SearchAction","target":{"@type":"EntryPoint","urlTemplate":"https:\/\/www.tgmsrl.com\/?s={search_term_string}"},"query-input":"required name=search_term_string"}],"inLanguage":"de"},{"@type":"Organization","@id":"https:\/\/www.tgmsrl.com\/#organization","name":"TGM","alternateName":"TGM Lavorazioni meccaniche di precisione","url":"https:\/\/www.tgmsrl.com\/","logo":{"@type":"ImageObject","inLanguage":"de","@id":"https:\/\/www.tgmsrl.com\/#\/schema\/logo\/image\/","url":"https:\/\/tgmsrl.com\/wp-content\/uploads\/2022\/12\/cropped-logo-icona-sito.png","contentUrl":"https:\/\/tgmsrl.com\/wp-content\/uploads\/2022\/12\/cropped-logo-icona-sito.png","width":512,"height":512,"caption":"TGM"},"image":{"@id":"https:\/\/www.tgmsrl.com\/#\/schema\/logo\/image\/"}}]}},"_links":{"self":[{"href":"https:\/\/mail.tgmmeccanicadiprecisione.it\/de\/wp-json\/wp\/v2\/pages\/2064","targetHints":{"allow":["GET"]}}],"collection":[{"href":"https:\/\/mail.tgmmeccanicadiprecisione.it\/de\/wp-json\/wp\/v2\/pages"}],"about":[{"href":"https:\/\/mail.tgmmeccanicadiprecisione.it\/de\/wp-json\/wp\/v2\/types\/page"}],"author":[{"embeddable":true,"href":"https:\/\/mail.tgmmeccanicadiprecisione.it\/de\/wp-json\/wp\/v2\/users\/1"}],"replies":[{"embeddable":true,"href":"https:\/\/mail.tgmmeccanicadiprecisione.it\/de\/wp-json\/wp\/v2\/comments?post=2064"}],"version-history":[{"count":3,"href":"https:\/\/mail.tgmmeccanicadiprecisione.it\/de\/wp-json\/wp\/v2\/pages\/2064\/revisions"}],"predecessor-version":[{"id":2068,"href":"https:\/\/mail.tgmmeccanicadiprecisione.it\/de\/wp-json\/wp\/v2\/pages\/2064\/revisions\/2068"}],"up":[{"embeddable":true,"href":"https:\/\/mail.tgmmeccanicadiprecisione.it\/de\/wp-json\/wp\/v2\/pages\/2009"}],"wp:featuredmedia":[{"embeddable":true,"href":"https:\/\/mail.tgmmeccanicadiprecisione.it\/de\/wp-json\/wp\/v2\/media\/1672"}],"wp:attachment":[{"href":"https:\/\/mail.tgmmeccanicadiprecisione.it\/de\/wp-json\/wp\/v2\/media?parent=2064"}],"curies":[{"name":"wp","href":"https:\/\/api.w.org\/{rel}","templated":true}]}}